{"id":1646,"date":"2025-02-25T12:57:29","date_gmt":"2025-02-25T11:57:29","guid":{"rendered":"https:\/\/comercial.respiraenergia.com\/uso-de-cookies\/"},"modified":"2025-03-12T12:41:58","modified_gmt":"2025-03-12T11:41:58","slug":"uso-de-cookies","status":"publish","type":"page","link":"https:\/\/comercial.respiraenergia.com\/gl\/uso-de-cookies\/","title":{"rendered":"Uso de cookies"},"content":{"rendered":"<style>.kb-row-layout-id225_68fa18-5c > .kt-row-column-wrap{align-content:start;}:where(.kb-row-layout-id225_68fa18-5c > .kt-row-column-wrap) > .wp-block-kadence-column{justify-content:start;}.kb-row-layout-id225_68fa18-5c > .kt-row-column-wrap{column-gap:var(--global-kb-gap-md, 2rem);row-gap:var(--global-kb-gap-md, 2rem);padding-top:var(--global-kb-spacing-xxl, 5rem);padding-bottom:var(--global-kb-spacing-xxl, 5rem);grid-template-columns:minmax(0, 1fr);}.kb-row-layout-id225_68fa18-5c > .kt-row-layout-overlay{opacity:0.30;}@media all and (max-width: 1024px){.kb-row-layout-id225_68fa18-5c > .kt-row-column-wrap{grid-template-columns:minmax(0, 1fr);}}@media all and (max-width: 767px){.kb-row-layout-id225_68fa18-5c > .kt-row-column-wrap{grid-template-columns:minmax(0, 1fr);}}<\/style><div class=\"kb-row-layout-wrap kb-row-layout-id225_68fa18-5c alignnone wp-block-kadence-rowlayout\"><div class=\"kt-row-column-wrap kt-has-1-columns kt-row-layout-equal kt-tab-layout-inherit kt-mobile-layout-row kt-row-valign-top\">\n<style>.kadence-column225_14a83c-2a > .kt-inside-inner-col,.kadence-column225_14a83c-2a > .kt-inside-inner-col:before{border-top-left-radius:0px;border-top-right-radius:0px;border-bottom-right-radius:0px;border-bottom-left-radius:0px;}.kadence-column225_14a83c-2a > .kt-inside-inner-col{column-gap:var(--global-kb-gap-sm, 1rem);}.kadence-column225_14a83c-2a > .kt-inside-inner-col{flex-direction:column;}.kadence-column225_14a83c-2a > .kt-inside-inner-col > .aligncenter{width:100%;}.kadence-column225_14a83c-2a > .kt-inside-inner-col:before{opacity:0.3;}.kadence-column225_14a83c-2a{position:relative;}@media all and (max-width: 1024px){.kadence-column225_14a83c-2a > .kt-inside-inner-col{flex-direction:column;justify-content:center;}}@media all and (max-width: 767px){.kadence-column225_14a83c-2a > .kt-inside-inner-col{flex-direction:column;justify-content:center;}}<\/style>\n<div class=\"wp-block-kadence-column kadence-column225_14a83c-2a\"><div class=\"kt-inside-inner-col\"><style>.wp-block-kadence-advancedheading.kt-adv-heading225_d650b9-3c, .wp-block-kadence-advancedheading.kt-adv-heading225_d650b9-3c[data-kb-block=\"kb-adv-heading225_d650b9-3c\"]{font-size:var(--global-kb-font-size-xl, 3rem);font-style:normal;}.wp-block-kadence-advancedheading.kt-adv-heading225_d650b9-3c mark.kt-highlight, .wp-block-kadence-advancedheading.kt-adv-heading225_d650b9-3c[data-kb-block=\"kb-adv-heading225_d650b9-3c\"] mark.kt-highlight{font-style:normal;color:#f76a0c;-webkit-box-decoration-break:clone;box-decoration-break:clone;padding-top:0px;padding-right:0px;padding-bottom:0px;padding-left:0px;}.wp-block-kadence-advancedheading.kt-adv-heading225_d650b9-3c img.kb-inline-image, .wp-block-kadence-advancedheading.kt-adv-heading225_d650b9-3c[data-kb-block=\"kb-adv-heading225_d650b9-3c\"] img.kb-inline-image{width:150px;vertical-align:baseline;}<\/style>\n<h1 class=\"kt-adv-heading225_d650b9-3c wp-block-kadence-advancedheading\" data-kb-block=\"kb-adv-heading225_d650b9-3c\">Uso de cookies<\/h1>\n\n\n<style>.wp-block-kadence-advancedheading.kt-adv-heading225_271bcd-68, .wp-block-kadence-advancedheading.kt-adv-heading225_271bcd-68[data-kb-block=\"kb-adv-heading225_271bcd-68\"]{font-size:28px;font-weight:400;font-style:normal;}.wp-block-kadence-advancedheading.kt-adv-heading225_271bcd-68 mark.kt-highlight, .wp-block-kadence-advancedheading.kt-adv-heading225_271bcd-68[data-kb-block=\"kb-adv-heading225_271bcd-68\"] mark.kt-highlight{font-style:normal;color:#f76a0c;-webkit-box-decoration-break:clone;box-decoration-break:clone;padding-top:0px;padding-right:0px;padding-bottom:0px;padding-left:0px;}.wp-block-kadence-advancedheading.kt-adv-heading225_271bcd-68 img.kb-inline-image, .wp-block-kadence-advancedheading.kt-adv-heading225_271bcd-68[data-kb-block=\"kb-adv-heading225_271bcd-68\"] img.kb-inline-image{width:150px;vertical-align:baseline;}<\/style>\n<h2 class=\"kt-adv-heading225_271bcd-68 wp-block-kadence-advancedheading\" data-kb-block=\"kb-adv-heading225_271bcd-68\"><strong>Que son as cookies?<\/strong><\/h2>\n\n\n\n<p>Unha cookie \u00e9 un ficheiro ou dispositivo que se descarga no ordenador terminal dun usuario co fin de almacenar datos que poden ser actualizados e recuperados pola entidade responsable da s\u00faa instalaci\u00f3n. Noutras palabras, \u00e9 un ficheiro que se descarga no seu ordenador ao acceder a determinadas p\u00e1xinas web. As cookies permiten a unha p\u00e1xina web, entre outras cousas, almacenar e recuperar informaci\u00f3n sobre os h\u00e1bitos de navegaci\u00f3n dun usuario ou do seu equipo e, dependendo da informaci\u00f3n que conte\u00f1an e da forma en que utilice o seu ordenador, poden utilizarse para reco\u00f1ecer ao usuario.    <\/p>\n\n\n\n<p>As s\u00faas principais funci\u00f3ns son:<\/p>\n\n\n\n<ul class=\"wp-block-list\">\n<li>Fai un seguimento dos usuarios: cando un usuario introduce o seu nome de usuario e contrasinal, almac\u00e9nase unha cookie para que non te\u00f1a que introducilas para cada p\u00e1xina do servidor. Con todo, unha cookie non identifica s\u00f3 a unha persoa, sen\u00f3n a unha combinaci\u00f3n de computador-navegador-usuario.   <\/li>\n\n\n\n<li>Obter informaci\u00f3n sobre os h\u00e1bitos de navegaci\u00f3n do usuario, e intentos de spyware (spyware), por parte de axencias de publicidade e outros. Isto pode causar problemas de privacidade e \u00e9 unha das raz\u00f3ns polas que as cookies te\u00f1en os seus detractores.   <\/li>\n<\/ul>\n\n\n\n<p>Existen diferentes tipos de cookies en funci\u00f3n da finalidade para a que se utilizan, do seguinte xeito:<\/p>\n\n\n\n<p>Cookies de an\u00e1lise: estas cookies util\u00edzanse para realizar unha an\u00e1lise do comportamento e acci\u00f3ns dos usuarios do sitio web as\u00ed como para a creaci\u00f3n de perf\u00eds de navegaci\u00f3n co fin de realizar melloras t\u00e9cnicas no funcionamento e servizo.<\/p>\n\n\n\n<p>Cookies publicitarias: permiten unha xesti\u00f3n eficiente dos espazos publicitarios en base a unha serie de criterios, por exemplo, verificar se o usuario xa tivo ou non acceso a unha noticia co fin de actualizalo cun novo.<\/p>\n\n\n\n<p>Cookies de publicidade comportamental: estas cookies son responsables de almacenar informaci\u00f3n sobre o propio comportamento dos usuarios, centr\u00e1ndose nos seus h\u00e1bitos de navegaci\u00f3n. Isto permite establecer perf\u00eds de usuario en funci\u00f3n do seu comportamento e utilizar para personalizar a publicidade presentada.   <\/p>\n\n\n\n<p>Se o usuario desexa obter m\u00e1is informaci\u00f3n sobre as cookies, pode consultar o seguinte sitio web <a href=\"http:\/\/www.aboutcookies.org\/\">http:\/\/www.aboutcookies.org\/<\/a>.<\/p>\n\n\n<style>.wp-block-kadence-advancedheading.kt-adv-heading225_1c50a3-cc, .wp-block-kadence-advancedheading.kt-adv-heading225_1c50a3-cc[data-kb-block=\"kb-adv-heading225_1c50a3-cc\"]{font-size:28px;font-weight:400;font-style:normal;}.wp-block-kadence-advancedheading.kt-adv-heading225_1c50a3-cc mark.kt-highlight, .wp-block-kadence-advancedheading.kt-adv-heading225_1c50a3-cc[data-kb-block=\"kb-adv-heading225_1c50a3-cc\"] mark.kt-highlight{font-style:normal;color:#f76a0c;-webkit-box-decoration-break:clone;box-decoration-break:clone;padding-top:0px;padding-right:0px;padding-bottom:0px;padding-left:0px;}.wp-block-kadence-advancedheading.kt-adv-heading225_1c50a3-cc img.kb-inline-image, .wp-block-kadence-advancedheading.kt-adv-heading225_1c50a3-cc[data-kb-block=\"kb-adv-heading225_1c50a3-cc\"] img.kb-inline-image{width:150px;vertical-align:baseline;}<\/style>\n<h2 class=\"kt-adv-heading225_1c50a3-cc wp-block-kadence-advancedheading\" data-kb-block=\"kb-adv-heading225_1c50a3-cc\"><strong>Que tipo de cookies utiliza este sitio web?<\/strong><\/h2>\n\n\n\n<p>Este sitio web est\u00e1 a utilizar cookies que facilitan o uso e navegaci\u00f3n por parte do usuario a trav\u00e9s da mesma, garantir o acceso a determinados servizos, as\u00ed como mellorar a configuraci\u00f3n funcional do sitio web.<\/p>\n\n\n\n<p>En concreto, esta web utiliza as seguintes cookies:<\/p>\n\n\n\n<figure class=\"wp-block-table\"><table class=\"has-fixed-layout\"><tbody><tr><td>JCS_INENREF<\/td><td>Usado para funci\u00f3ns anti-spam<\/td><td>Despois dun curto per\u00edodo de tempo ou ao pechar o navegador.<\/td><\/tr><tr><td>JCS_INENTIM<\/td><td>Usado para funci\u00f3ns anti-spam<\/td><td>Despois dun curto per\u00edodo de tempo ou ao pechar o navegador.<\/td><\/tr><tr><td>PHPSESSID<\/td><td>Esta cookie util\u00edzase para establecer unha sesi\u00f3n de usuario e \u00e9 unha referencia a un ID de sesi\u00f3n \u00fanico establecido polo noso c\u00f3digo web (PHP). Desaparece cando finalices a sesi\u00f3n (ao pechar o navegador)   <\/td><td>Despois dun curto per\u00edodo de tempo ou ao pechar o navegador.<\/td><\/tr><tr><td>WP-SETTINGS-7<\/td><td>Configuraci\u00f3n de WordPress<\/td><td>  &#8211; 1 Xornada<\/td><\/tr><tr><td>wp-settings-7-time<\/td><td>Configuraci\u00f3n de WordPress<\/td><td>  &#8211; 1 Xornada<\/td><\/tr><tr><td>wordpress_test_cookie<\/td><td>WordPress establece esta cookie cando navega \u00e1 p\u00e1xina de inicio de sesi\u00f3n. A cookie util\u00edzase para verificar se o seu navegador web est\u00e1 configurado para permitir ou rexeitar as cookies.   <\/td><td>Despois dun curto per\u00edodo de tempo ou ao pechar o navegador.<\/td><\/tr><tr><td>_icl_current_language<\/td><td>Control do idioma seleccionado para futuras sesi\u00f3ns<\/td><td>&#8211; 1 Xornada<\/td><\/tr><tr><td>_Ga<\/td><td>Util\u00edzase para distinguir aos usuarios.<\/td><td>&#8211; 2 Anos<\/td><\/tr><tr><td>_gid<\/td><td>Util\u00edzase para distinguir aos usuarios.<\/td><td>24 horas<\/td><\/tr><tr><td>_gat o _dc_gtm<\/td><td>Util\u00edzase para limitar a porcentaxe de solicitudes.<\/td><td>&#8211; 1 Minuto<\/td><\/tr><tr><td>moove_gdpr_popup<\/td><td>Util\u00edzase para gardar as s\u00faas preferencias de cookies.<\/td><td>&#8211; 1 Ano<\/td><\/tr><\/tbody><\/table><\/figure>\n\n\n<style>.wp-block-kadence-advancedheading.kt-adv-heading225_204830-f7, .wp-block-kadence-advancedheading.kt-adv-heading225_204830-f7[data-kb-block=\"kb-adv-heading225_204830-f7\"]{font-size:28px;font-weight:400;font-style:normal;}.wp-block-kadence-advancedheading.kt-adv-heading225_204830-f7 mark.kt-highlight, .wp-block-kadence-advancedheading.kt-adv-heading225_204830-f7[data-kb-block=\"kb-adv-heading225_204830-f7\"] mark.kt-highlight{font-style:normal;color:#f76a0c;-webkit-box-decoration-break:clone;box-decoration-break:clone;padding-top:0px;padding-right:0px;padding-bottom:0px;padding-left:0px;}.wp-block-kadence-advancedheading.kt-adv-heading225_204830-f7 img.kb-inline-image, .wp-block-kadence-advancedheading.kt-adv-heading225_204830-f7[data-kb-block=\"kb-adv-heading225_204830-f7\"] img.kb-inline-image{width:150px;vertical-align:baseline;}<\/style>\n<h2 class=\"kt-adv-heading225_204830-f7 wp-block-kadence-advancedheading\" data-kb-block=\"kb-adv-heading225_204830-f7\"><strong>Como xestionar a configuraci\u00f3n de cookies?<\/strong><\/h2>\n\n\n\n<p>Esta secci\u00f3n ofrece unha breve explicaci\u00f3n de como consultar e configurar o sistema de cookies en relaci\u00f3n cos navegadores m\u00e1is com\u00fans ou m\u00e1is utilizados polos usuarios<\/p>\n\n\n\n<p>Neste sentido, practicamente todos os navegadores permiten ao usuario obter informaci\u00f3n xeral sobre as cookies instaladas nun sitio web, concretamente verificar a s\u00faa existencia, a s\u00faa duraci\u00f3n ou o sistema de eliminaci\u00f3n. Neste sentido, a t\u00edtulo informativo, proporci\u00f3nanse unha serie de enlaces relacionados:   <\/p>\n\n\n\n<ul class=\"wp-block-list\">\n<li><a href=\"https:\/\/support.google.com\/chrome\/answer\/95647?hl=es\">Google Chrome<\/a><\/li>\n\n\n\n<li><a href=\"https:\/\/support.mozilla.org\/es\/kb\/cookies-informacion-que-los-sitios-web-guardan-en-\">Mozilla Firefox<\/a><\/li>\n\n\n\n<li><a href=\"http:\/\/windows.microsoft.com\/es-es\/windows7\/how-to-manage-cookies-in-internet-explorer-9\">Internet Explorer<\/a><\/li>\n<\/ul>\n\n\n\n<p>Por outra banda, o usuario poder\u00e1 permitir, bloquear ou eliminar as cookies instaladas no seu equipo mediante a modificaci\u00f3n da configuraci\u00f3n do seu navegador de acordo coas instruci\u00f3ns indicadas no mesmo. A t\u00edtulo informativo, ind\u00edcase que a configuraci\u00f3n das cookies adoita levarse a cabo no men\u00fa &#8220;Preferencias&#8221; ou &#8220;Ferramentas&#8221; de cada navegador, en calquera caso, sempre pode acudir \u00e1 axuda do seu navegador para resolver ou resolver calquera d\u00fabida que poida xurdir ao respecto.   <\/p>\n\n\n\n<p>Cabe destacar que, se se impide a instalaci\u00f3n de todas as cookies, o contido do sitio web as\u00ed como determinadas funcionalidades e servizos proporcionados polo mesmo poden verse afectados.<\/p>\n<\/div><\/div>\n\n<\/div><\/div>","protected":false},"excerpt":{"rendered":"<p>Uso de cookies Que son as cookies? Unha cookie \u00e9 un ficheiro ou dispositivo que se descarga no ordenador terminal dun usuario co fin de almacenar datos que poden ser actualizados e recuperados pola entidade responsable da s\u00faa instalaci\u00f3n. Noutras palabras, \u00e9 un ficheiro que se descarga no seu ordenador ao acceder a determinadas p\u00e1xinas&#8230;<\/p>\n","protected":false},"author":1,"featured_media":0,"parent":0,"menu_order":0,"comment_status":"closed","ping_status":"closed","template":"","meta":{"_acf_changed":false,"inline_featured_image":false,"_kad_blocks_custom_css":"","_kad_blocks_head_custom_js":"","_kad_blocks_body_custom_js":"","_kad_blocks_footer_custom_js":"","_kad_post_transparent":"","_kad_post_title":"","_kad_post_layout":"","_kad_post_sidebar_id":"","_kad_post_content_style":"","_kad_post_vertical_padding":"","_kad_post_feature":"","_kad_post_feature_position":"","_kad_post_header":false,"_kad_post_footer":false,"_kad_post_classname":"","footnotes":""},"class_list":["post-1646","page","type-page","status-publish","hentry"],"acf":[],"yoast_head":"<!-- This site is optimized with the Yoast SEO plugin v27.5 - https:\/\/yoast.com\/product\/yoast-seo-wordpress\/ -->\n<title>Uso de cookies - Respira, electricitat sense CO2<\/title>\n<meta name=\"robots\" content=\"index, follow, max-snippet:-1, max-image-preview:large, max-video-preview:-1\" \/>\n<link rel=\"canonical\" href=\"https:\/\/comercial.respiraenergia.com\/gl\/uso-de-cookies\/\" \/>\n<meta property=\"og:locale\" content=\"gl_ES\" \/>\n<meta property=\"og:type\" content=\"article\" \/>\n<meta property=\"og:title\" content=\"Uso de cookies - Respira, electricitat sense CO2\" \/>\n<meta property=\"og:description\" content=\"Uso de cookies Que son as cookies? Unha cookie \u00e9 un ficheiro ou dispositivo que se descarga no ordenador terminal dun usuario co fin de almacenar datos que poden ser actualizados e recuperados pola entidade responsable da s\u00faa instalaci\u00f3n. Noutras palabras, \u00e9 un ficheiro que se descarga no seu ordenador ao acceder a determinadas p\u00e1xinas...\" \/>\n<meta property=\"og:url\" content=\"https:\/\/comercial.respiraenergia.com\/gl\/uso-de-cookies\/\" \/>\n<meta property=\"og:site_name\" content=\"Respira, electricitat sense CO2\" \/>\n<meta property=\"article:modified_time\" content=\"2025-03-12T11:41:58+00:00\" \/>\n<meta name=\"twitter:card\" content=\"summary_large_image\" \/>\n<meta name=\"twitter:label1\" content=\"Tempo de lectura\" \/>\n\t<meta name=\"twitter:data1\" content=\"4 minutos\" \/>\n<script type=\"application\/ld+json\" class=\"yoast-schema-graph\">{\"@context\":\"https:\\\/\\\/schema.org\",\"@graph\":[{\"@type\":\"WebPage\",\"@id\":\"https:\\\/\\\/comercial.respiraenergia.com\\\/gl\\\/uso-de-cookies\\\/\",\"url\":\"https:\\\/\\\/comercial.respiraenergia.com\\\/gl\\\/uso-de-cookies\\\/\",\"name\":\"Uso de cookies - Respira, electricitat sense CO2\",\"isPartOf\":{\"@id\":\"https:\\\/\\\/comercial.respiraenergia.com\\\/gl\\\/#website\"},\"datePublished\":\"2025-02-25T11:57:29+00:00\",\"dateModified\":\"2025-03-12T11:41:58+00:00\",\"breadcrumb\":{\"@id\":\"https:\\\/\\\/comercial.respiraenergia.com\\\/gl\\\/uso-de-cookies\\\/#breadcrumb\"},\"inLanguage\":\"gl-ES\",\"potentialAction\":[{\"@type\":\"ReadAction\",\"target\":[\"https:\\\/\\\/comercial.respiraenergia.com\\\/gl\\\/uso-de-cookies\\\/\"]}]},{\"@type\":\"BreadcrumbList\",\"@id\":\"https:\\\/\\\/comercial.respiraenergia.com\\\/gl\\\/uso-de-cookies\\\/#breadcrumb\",\"itemListElement\":[{\"@type\":\"ListItem\",\"position\":1,\"name\":\"Home\",\"item\":\"https:\\\/\\\/comercial.respiraenergia.com\\\/gl\\\/\"},{\"@type\":\"ListItem\",\"position\":2,\"name\":\"Uso de cookies\"}]},{\"@type\":\"WebSite\",\"@id\":\"https:\\\/\\\/comercial.respiraenergia.com\\\/gl\\\/#website\",\"url\":\"https:\\\/\\\/comercial.respiraenergia.com\\\/gl\\\/\",\"name\":\"Respira, electricitat sense CO2\",\"description\":\"El futur de les renovables m\u00e9s a prop teu\",\"publisher\":{\"@id\":\"https:\\\/\\\/comercial.respiraenergia.com\\\/gl\\\/#organization\"},\"potentialAction\":[{\"@type\":\"SearchAction\",\"target\":{\"@type\":\"EntryPoint\",\"urlTemplate\":\"https:\\\/\\\/comercial.respiraenergia.com\\\/gl\\\/?s={search_term_string}\"},\"query-input\":{\"@type\":\"PropertyValueSpecification\",\"valueRequired\":true,\"valueName\":\"search_term_string\"}}],\"inLanguage\":\"gl-ES\"},{\"@type\":\"Organization\",\"@id\":\"https:\\\/\\\/comercial.respiraenergia.com\\\/gl\\\/#organization\",\"name\":\"Respira, electricitat sense CO2\",\"url\":\"https:\\\/\\\/comercial.respiraenergia.com\\\/gl\\\/\",\"logo\":{\"@type\":\"ImageObject\",\"inLanguage\":\"gl-ES\",\"@id\":\"https:\\\/\\\/comercial.respiraenergia.com\\\/gl\\\/#\\\/schema\\\/logo\\\/image\\\/\",\"url\":\"https:\\\/\\\/comercial.respiraenergia.com\\\/wp-content\\\/uploads\\\/2025\\\/03\\\/logo_respira_v2.svg\",\"contentUrl\":\"https:\\\/\\\/comercial.respiraenergia.com\\\/wp-content\\\/uploads\\\/2025\\\/03\\\/logo_respira_v2.svg\",\"caption\":\"Respira, electricitat sense CO2\"},\"image\":{\"@id\":\"https:\\\/\\\/comercial.respiraenergia.com\\\/gl\\\/#\\\/schema\\\/logo\\\/image\\\/\"}}]}<\/script>\n<!-- \/ Yoast SEO plugin. -->","yoast_head_json":{"title":"Uso de cookies - Respira, electricitat sense CO2","robots":{"index":"index","follow":"follow","max-snippet":"max-snippet:-1","max-image-preview":"max-image-preview:large","max-video-preview":"max-video-preview:-1"},"canonical":"https:\/\/comercial.respiraenergia.com\/gl\/uso-de-cookies\/","og_locale":"gl_ES","og_type":"article","og_title":"Uso de cookies - Respira, electricitat sense CO2","og_description":"Uso de cookies Que son as cookies? Unha cookie \u00e9 un ficheiro ou dispositivo que se descarga no ordenador terminal dun usuario co fin de almacenar datos que poden ser actualizados e recuperados pola entidade responsable da s\u00faa instalaci\u00f3n. Noutras palabras, \u00e9 un ficheiro que se descarga no seu ordenador ao acceder a determinadas p\u00e1xinas...","og_url":"https:\/\/comercial.respiraenergia.com\/gl\/uso-de-cookies\/","og_site_name":"Respira, electricitat sense CO2","article_modified_time":"2025-03-12T11:41:58+00:00","twitter_card":"summary_large_image","twitter_misc":{"Tempo de lectura":"4 minutos"},"schema":{"@context":"https:\/\/schema.org","@graph":[{"@type":"WebPage","@id":"https:\/\/comercial.respiraenergia.com\/gl\/uso-de-cookies\/","url":"https:\/\/comercial.respiraenergia.com\/gl\/uso-de-cookies\/","name":"Uso de cookies - Respira, electricitat sense CO2","isPartOf":{"@id":"https:\/\/comercial.respiraenergia.com\/gl\/#website"},"datePublished":"2025-02-25T11:57:29+00:00","dateModified":"2025-03-12T11:41:58+00:00","breadcrumb":{"@id":"https:\/\/comercial.respiraenergia.com\/gl\/uso-de-cookies\/#breadcrumb"},"inLanguage":"gl-ES","potentialAction":[{"@type":"ReadAction","target":["https:\/\/comercial.respiraenergia.com\/gl\/uso-de-cookies\/"]}]},{"@type":"BreadcrumbList","@id":"https:\/\/comercial.respiraenergia.com\/gl\/uso-de-cookies\/#breadcrumb","itemListElement":[{"@type":"ListItem","position":1,"name":"Home","item":"https:\/\/comercial.respiraenergia.com\/gl\/"},{"@type":"ListItem","position":2,"name":"Uso de cookies"}]},{"@type":"WebSite","@id":"https:\/\/comercial.respiraenergia.com\/gl\/#website","url":"https:\/\/comercial.respiraenergia.com\/gl\/","name":"Respira, electricitat sense CO2","description":"El futur de les renovables m\u00e9s a prop teu","publisher":{"@id":"https:\/\/comercial.respiraenergia.com\/gl\/#organization"},"potentialAction":[{"@type":"SearchAction","target":{"@type":"EntryPoint","urlTemplate":"https:\/\/comercial.respiraenergia.com\/gl\/?s={search_term_string}"},"query-input":{"@type":"PropertyValueSpecification","valueRequired":true,"valueName":"search_term_string"}}],"inLanguage":"gl-ES"},{"@type":"Organization","@id":"https:\/\/comercial.respiraenergia.com\/gl\/#organization","name":"Respira, electricitat sense CO2","url":"https:\/\/comercial.respiraenergia.com\/gl\/","logo":{"@type":"ImageObject","inLanguage":"gl-ES","@id":"https:\/\/comercial.respiraenergia.com\/gl\/#\/schema\/logo\/image\/","url":"https:\/\/comercial.respiraenergia.com\/wp-content\/uploads\/2025\/03\/logo_respira_v2.svg","contentUrl":"https:\/\/comercial.respiraenergia.com\/wp-content\/uploads\/2025\/03\/logo_respira_v2.svg","caption":"Respira, electricitat sense CO2"},"image":{"@id":"https:\/\/comercial.respiraenergia.com\/gl\/#\/schema\/logo\/image\/"}}]}},"taxonomy_info":[],"featured_image_src_large":false,"author_info":{"display_name":"jordi","author_link":"https:\/\/comercial.respiraenergia.com\/gl\/author\/jordi\/"},"comment_info":"","_links":{"self":[{"href":"https:\/\/comercial.respiraenergia.com\/gl\/wp-json\/wp\/v2\/pages\/1646","targetHints":{"allow":["GET"]}}],"collection":[{"href":"https:\/\/comercial.respiraenergia.com\/gl\/wp-json\/wp\/v2\/pages"}],"about":[{"href":"https:\/\/comercial.respiraenergia.com\/gl\/wp-json\/wp\/v2\/types\/page"}],"author":[{"embeddable":true,"href":"https:\/\/comercial.respiraenergia.com\/gl\/wp-json\/wp\/v2\/users\/1"}],"replies":[{"embeddable":true,"href":"https:\/\/comercial.respiraenergia.com\/gl\/wp-json\/wp\/v2\/comments?post=1646"}],"version-history":[{"count":1,"href":"https:\/\/comercial.respiraenergia.com\/gl\/wp-json\/wp\/v2\/pages\/1646\/revisions"}],"predecessor-version":[{"id":1648,"href":"https:\/\/comercial.respiraenergia.com\/gl\/wp-json\/wp\/v2\/pages\/1646\/revisions\/1648"}],"wp:attachment":[{"href":"https:\/\/comercial.respiraenergia.com\/gl\/wp-json\/wp\/v2\/media?parent=1646"}],"curies":[{"name":"wp","href":"https:\/\/api.w.org\/{rel}","templated":true}]}}