{"id":1738,"date":"2025-03-10T09:50:55","date_gmt":"2025-03-10T08:50:55","guid":{"rendered":"https:\/\/comercial.respiraenergia.com\/politique-de-qualite\/"},"modified":"2025-10-16T10:02:01","modified_gmt":"2025-10-16T08:02:01","slug":"politique-de-qualite","status":"publish","type":"page","link":"https:\/\/comercial.respiraenergia.com\/fr\/politique-de-qualite\/","title":{"rendered":"Politique de qualit\u00e9"},"content":{"rendered":"<style>.kb-row-layout-id1738_4665be-8b > .kt-row-column-wrap{align-content:start;}:where(.kb-row-layout-id1738_4665be-8b > .kt-row-column-wrap) > .wp-block-kadence-column{justify-content:start;}.kb-row-layout-id1738_4665be-8b > .kt-row-column-wrap{column-gap:var(--global-kb-gap-md, 2rem);row-gap:var(--global-kb-gap-md, 2rem);padding-top:var(--global-kb-spacing-xxl, 5rem);padding-bottom:var(--global-kb-spacing-xxl, 5rem);grid-template-columns:minmax(0, 1fr);}.kb-row-layout-id1738_4665be-8b > .kt-row-layout-overlay{opacity:0.30;}@media all and (max-width: 1024px){.kb-row-layout-id1738_4665be-8b > .kt-row-column-wrap{grid-template-columns:minmax(0, 1fr);}}@media all and (max-width: 767px){.kb-row-layout-id1738_4665be-8b > .kt-row-column-wrap{grid-template-columns:minmax(0, 1fr);}}<\/style><div class=\"kb-row-layout-wrap kb-row-layout-id1738_4665be-8b alignnone wp-block-kadence-rowlayout\"><div class=\"kt-row-column-wrap kt-has-1-columns kt-row-layout-equal kt-tab-layout-inherit kt-mobile-layout-row kt-row-valign-top\">\n<style>.kadence-column1738_fbeff6-29 > .kt-inside-inner-col,.kadence-column1738_fbeff6-29 > .kt-inside-inner-col:before{border-top-left-radius:0px;border-top-right-radius:0px;border-bottom-right-radius:0px;border-bottom-left-radius:0px;}.kadence-column1738_fbeff6-29 > .kt-inside-inner-col{column-gap:var(--global-kb-gap-sm, 1rem);}.kadence-column1738_fbeff6-29 > .kt-inside-inner-col{flex-direction:column;}.kadence-column1738_fbeff6-29 > .kt-inside-inner-col > .aligncenter{width:100%;}.kadence-column1738_fbeff6-29 > .kt-inside-inner-col:before{opacity:0.3;}.kadence-column1738_fbeff6-29{position:relative;}@media all and (max-width: 1024px){.kadence-column1738_fbeff6-29 > .kt-inside-inner-col{flex-direction:column;justify-content:center;}}@media all and (max-width: 767px){.kadence-column1738_fbeff6-29 > .kt-inside-inner-col{flex-direction:column;justify-content:center;}}<\/style>\n<div class=\"wp-block-kadence-column kadence-column1738_fbeff6-29\"><div class=\"kt-inside-inner-col\"><style>.wp-block-kadence-advancedheading.kt-adv-heading1738_3e9eab-e9, .wp-block-kadence-advancedheading.kt-adv-heading1738_3e9eab-e9[data-kb-block=\"kb-adv-heading1738_3e9eab-e9\"]{font-size:var(--global-kb-font-size-xl, 3rem);font-style:normal;}.wp-block-kadence-advancedheading.kt-adv-heading1738_3e9eab-e9 mark.kt-highlight, .wp-block-kadence-advancedheading.kt-adv-heading1738_3e9eab-e9[data-kb-block=\"kb-adv-heading1738_3e9eab-e9\"] mark.kt-highlight{font-style:normal;color:#f76a0c;-webkit-box-decoration-break:clone;box-decoration-break:clone;padding-top:0px;padding-right:0px;padding-bottom:0px;padding-left:0px;}.wp-block-kadence-advancedheading.kt-adv-heading1738_3e9eab-e9 img.kb-inline-image, .wp-block-kadence-advancedheading.kt-adv-heading1738_3e9eab-e9[data-kb-block=\"kb-adv-heading1738_3e9eab-e9\"] img.kb-inline-image{width:150px;vertical-align:baseline;}<\/style>\n<h1 class=\"kt-adv-heading1738_3e9eab-e9 wp-block-kadence-advancedheading\" data-kb-block=\"kb-adv-heading1738_3e9eab-e9\">Politique de qualit\u00e9<\/h1>\n\n\n\n<p>Nous entendons la qualit\u00e9 comme l\u2019am\u00e9lioration continue et la recherche de l\u2019excellence dans chacun des processus et activit\u00e9s que nous menons pour g\u00e9rer l\u2019\u00e9lectricit\u00e9 des producteurs qui ne g\u00e9n\u00e8rent pas de CO2 jusqu\u2019\u00e0 tous les types de consommateurs finaux : m\u00e9nages, PME et utilisateurs industriels.<\/p>\n\n\n\n<p>Notre objectif est de contribuer \u00e0 la d\u00e9carbonation de la soci\u00e9t\u00e9 dans le domaine de l\u2019\u00e9lectricit\u00e9.<\/p>\n\n\n\n<p>Afin d\u2019atteindre nos objectifs, nous disposons d\u2019une \u00e9quipe technique hautement qualifi\u00e9e et nous nous effor\u00e7ons de cr\u00e9er un bon environnement de travail et des conditions qui permettent \u00e0 l\u2019\u00e9quipe d\u2019apporter son talent et ses visions pour mettre en \u0153uvre des solutions li\u00e9es \u00e0 l\u2019objectif principal de RESPIRA : d\u00e9carboner.<\/p>\n\n\n\n<p>Cette politique s\u2019\u00e9tend \u00e0 toute l\u2019\u00e9quipe de professionnels qui font partie de RESPIRA mais qui ne travaillent pas physiquement au si\u00e8ge social de Barcelone.<\/p>\n\n\n\n<p>Cette politique envisage et est disponible pour toutes les parties int\u00e9ress\u00e9es.<\/p>\n\n\n\n<p>RESPIRA s\u2019engage \u00e9galement \u00e0 am\u00e9liorer continuellement et p\u00e9riodiquement le syst\u00e8me de management de la qualit\u00e9 mis en \u0153uvre ainsi qu\u2019\u00e0 se conformer aux exigences l\u00e9gales applicables.<\/p>\n\n\n\n<p>L\u2019activit\u00e9 que RESPIRA consid\u00e8re comme conforme \u00e0 la qualit\u00e9 requise selon la norme internationale ISO 9001:2015 est celle de :<\/p>\n\n\n\n<p><strong>Commercialisation de l\u2019\u00e9lectricit\u00e9 sans CO2<\/strong><\/p>\n\n\n\n<object data=\"https:\/\/comercial.respiraenergia.com\/wp-content\/uploads\/2025\/10\/ISO-9001-CAT-RESPIRA-ENERGIA-REN_signed.pdf\" style=\"width:100%;height:550px\"><\/object>\n<\/div><\/div>\n\n<\/div><\/div>","protected":false},"excerpt":{"rendered":"<p>Politique de qualit\u00e9 Nous entendons la qualit\u00e9 comme l\u2019am\u00e9lioration continue et la recherche de l\u2019excellence dans chacun des processus et activit\u00e9s que nous menons pour g\u00e9rer l\u2019\u00e9lectricit\u00e9 des producteurs qui ne g\u00e9n\u00e8rent pas de CO2 jusqu\u2019\u00e0 tous les types de consommateurs finaux : m\u00e9nages, PME et utilisateurs industriels. Notre objectif est de contribuer \u00e0 la&#8230;<\/p>\n","protected":false},"author":1,"featured_media":0,"parent":0,"menu_order":0,"comment_status":"closed","ping_status":"closed","template":"","meta":{"_acf_changed":false,"inline_featured_image":false,"_kad_blocks_custom_css":"","_kad_blocks_head_custom_js":"","_kad_blocks_body_custom_js":"","_kad_blocks_footer_custom_js":"","_kad_post_transparent":"","_kad_post_title":"","_kad_post_layout":"","_kad_post_sidebar_id":"","_kad_post_content_style":"","_kad_post_vertical_padding":"","_kad_post_feature":"","_kad_post_feature_position":"","_kad_post_header":false,"_kad_post_footer":false,"_kad_post_classname":"","footnotes":""},"class_list":["post-1738","page","type-page","status-publish","hentry"],"acf":[],"yoast_head":"<!-- This site is optimized with the Yoast SEO plugin v26.8 - https:\/\/yoast.com\/product\/yoast-seo-wordpress\/ -->\n<title>Politique de qualit\u00e9 - Respira, electricitat sense CO2<\/title>\n<meta name=\"robots\" content=\"index, follow, max-snippet:-1, max-image-preview:large, max-video-preview:-1\" \/>\n<link rel=\"canonical\" href=\"https:\/\/comercial.respiraenergia.com\/fr\/politique-de-qualite\/\" \/>\n<meta property=\"og:locale\" content=\"fr_FR\" \/>\n<meta property=\"og:type\" content=\"article\" \/>\n<meta property=\"og:title\" content=\"Politique de qualit\u00e9 - Respira, electricitat sense CO2\" \/>\n<meta property=\"og:description\" content=\"Politique de qualit\u00e9 Nous entendons la qualit\u00e9 comme l\u2019am\u00e9lioration continue et la recherche de l\u2019excellence dans chacun des processus et activit\u00e9s que nous menons pour g\u00e9rer l\u2019\u00e9lectricit\u00e9 des producteurs qui ne g\u00e9n\u00e8rent pas de CO2 jusqu\u2019\u00e0 tous les types de consommateurs finaux : m\u00e9nages, PME et utilisateurs industriels. Notre objectif est de contribuer \u00e0 la...\" \/>\n<meta property=\"og:url\" content=\"https:\/\/comercial.respiraenergia.com\/fr\/politique-de-qualite\/\" \/>\n<meta property=\"og:site_name\" content=\"Respira, electricitat sense CO2\" \/>\n<meta property=\"article:modified_time\" content=\"2025-10-16T08:02:01+00:00\" \/>\n<meta name=\"twitter:card\" content=\"summary_large_image\" \/>\n<meta name=\"twitter:label1\" content=\"Dur\u00e9e de lecture estim\u00e9e\" \/>\n\t<meta name=\"twitter:data1\" content=\"2 minutes\" \/>\n<script type=\"application\/ld+json\" class=\"yoast-schema-graph\">{\"@context\":\"https:\/\/schema.org\",\"@graph\":[{\"@type\":\"WebPage\",\"@id\":\"https:\/\/comercial.respiraenergia.com\/fr\/politique-de-qualite\/\",\"url\":\"https:\/\/comercial.respiraenergia.com\/fr\/politique-de-qualite\/\",\"name\":\"Politique de qualit\u00e9 - Respira, electricitat sense CO2\",\"isPartOf\":{\"@id\":\"https:\/\/comercial.respiraenergia.com\/fr\/#website\"},\"datePublished\":\"2025-03-10T08:50:55+00:00\",\"dateModified\":\"2025-10-16T08:02:01+00:00\",\"breadcrumb\":{\"@id\":\"https:\/\/comercial.respiraenergia.com\/fr\/politique-de-qualite\/#breadcrumb\"},\"inLanguage\":\"fr-FR\",\"potentialAction\":[{\"@type\":\"ReadAction\",\"target\":[\"https:\/\/comercial.respiraenergia.com\/fr\/politique-de-qualite\/\"]}]},{\"@type\":\"BreadcrumbList\",\"@id\":\"https:\/\/comercial.respiraenergia.com\/fr\/politique-de-qualite\/#breadcrumb\",\"itemListElement\":[{\"@type\":\"ListItem\",\"position\":1,\"name\":\"Home\",\"item\":\"https:\/\/comercial.respiraenergia.com\/fr\/\"},{\"@type\":\"ListItem\",\"position\":2,\"name\":\"Politique de qualit\u00e9\"}]},{\"@type\":\"WebSite\",\"@id\":\"https:\/\/comercial.respiraenergia.com\/fr\/#website\",\"url\":\"https:\/\/comercial.respiraenergia.com\/fr\/\",\"name\":\"Respira, electricitat sense CO2\",\"description\":\"El futur de les renovables m\u00e9s a prop teu\",\"publisher\":{\"@id\":\"https:\/\/comercial.respiraenergia.com\/fr\/#organization\"},\"potentialAction\":[{\"@type\":\"SearchAction\",\"target\":{\"@type\":\"EntryPoint\",\"urlTemplate\":\"https:\/\/comercial.respiraenergia.com\/fr\/?s={search_term_string}\"},\"query-input\":{\"@type\":\"PropertyValueSpecification\",\"valueRequired\":true,\"valueName\":\"search_term_string\"}}],\"inLanguage\":\"fr-FR\"},{\"@type\":\"Organization\",\"@id\":\"https:\/\/comercial.respiraenergia.com\/fr\/#organization\",\"name\":\"Respira, electricitat sense CO2\",\"url\":\"https:\/\/comercial.respiraenergia.com\/fr\/\",\"logo\":{\"@type\":\"ImageObject\",\"inLanguage\":\"fr-FR\",\"@id\":\"https:\/\/comercial.respiraenergia.com\/fr\/#\/schema\/logo\/image\/\",\"url\":\"https:\/\/comercial.respiraenergia.com\/wp-content\/uploads\/2025\/03\/logo_respira_v2.svg\",\"contentUrl\":\"https:\/\/comercial.respiraenergia.com\/wp-content\/uploads\/2025\/03\/logo_respira_v2.svg\",\"caption\":\"Respira, electricitat sense CO2\"},\"image\":{\"@id\":\"https:\/\/comercial.respiraenergia.com\/fr\/#\/schema\/logo\/image\/\"}}]}<\/script>\n<!-- \/ Yoast SEO plugin. -->","yoast_head_json":{"title":"Politique de qualit\u00e9 - Respira, electricitat sense CO2","robots":{"index":"index","follow":"follow","max-snippet":"max-snippet:-1","max-image-preview":"max-image-preview:large","max-video-preview":"max-video-preview:-1"},"canonical":"https:\/\/comercial.respiraenergia.com\/fr\/politique-de-qualite\/","og_locale":"fr_FR","og_type":"article","og_title":"Politique de qualit\u00e9 - Respira, electricitat sense CO2","og_description":"Politique de qualit\u00e9 Nous entendons la qualit\u00e9 comme l\u2019am\u00e9lioration continue et la recherche de l\u2019excellence dans chacun des processus et activit\u00e9s que nous menons pour g\u00e9rer l\u2019\u00e9lectricit\u00e9 des producteurs qui ne g\u00e9n\u00e8rent pas de CO2 jusqu\u2019\u00e0 tous les types de consommateurs finaux : m\u00e9nages, PME et utilisateurs industriels. Notre objectif est de contribuer \u00e0 la...","og_url":"https:\/\/comercial.respiraenergia.com\/fr\/politique-de-qualite\/","og_site_name":"Respira, electricitat sense CO2","article_modified_time":"2025-10-16T08:02:01+00:00","twitter_card":"summary_large_image","twitter_misc":{"Dur\u00e9e de lecture estim\u00e9e":"2 minutes"},"schema":{"@context":"https:\/\/schema.org","@graph":[{"@type":"WebPage","@id":"https:\/\/comercial.respiraenergia.com\/fr\/politique-de-qualite\/","url":"https:\/\/comercial.respiraenergia.com\/fr\/politique-de-qualite\/","name":"Politique de qualit\u00e9 - Respira, electricitat sense CO2","isPartOf":{"@id":"https:\/\/comercial.respiraenergia.com\/fr\/#website"},"datePublished":"2025-03-10T08:50:55+00:00","dateModified":"2025-10-16T08:02:01+00:00","breadcrumb":{"@id":"https:\/\/comercial.respiraenergia.com\/fr\/politique-de-qualite\/#breadcrumb"},"inLanguage":"fr-FR","potentialAction":[{"@type":"ReadAction","target":["https:\/\/comercial.respiraenergia.com\/fr\/politique-de-qualite\/"]}]},{"@type":"BreadcrumbList","@id":"https:\/\/comercial.respiraenergia.com\/fr\/politique-de-qualite\/#breadcrumb","itemListElement":[{"@type":"ListItem","position":1,"name":"Home","item":"https:\/\/comercial.respiraenergia.com\/fr\/"},{"@type":"ListItem","position":2,"name":"Politique de qualit\u00e9"}]},{"@type":"WebSite","@id":"https:\/\/comercial.respiraenergia.com\/fr\/#website","url":"https:\/\/comercial.respiraenergia.com\/fr\/","name":"Respira, electricitat sense CO2","description":"El futur de les renovables m\u00e9s a prop teu","publisher":{"@id":"https:\/\/comercial.respiraenergia.com\/fr\/#organization"},"potentialAction":[{"@type":"SearchAction","target":{"@type":"EntryPoint","urlTemplate":"https:\/\/comercial.respiraenergia.com\/fr\/?s={search_term_string}"},"query-input":{"@type":"PropertyValueSpecification","valueRequired":true,"valueName":"search_term_string"}}],"inLanguage":"fr-FR"},{"@type":"Organization","@id":"https:\/\/comercial.respiraenergia.com\/fr\/#organization","name":"Respira, electricitat sense CO2","url":"https:\/\/comercial.respiraenergia.com\/fr\/","logo":{"@type":"ImageObject","inLanguage":"fr-FR","@id":"https:\/\/comercial.respiraenergia.com\/fr\/#\/schema\/logo\/image\/","url":"https:\/\/comercial.respiraenergia.com\/wp-content\/uploads\/2025\/03\/logo_respira_v2.svg","contentUrl":"https:\/\/comercial.respiraenergia.com\/wp-content\/uploads\/2025\/03\/logo_respira_v2.svg","caption":"Respira, electricitat sense CO2"},"image":{"@id":"https:\/\/comercial.respiraenergia.com\/fr\/#\/schema\/logo\/image\/"}}]}},"taxonomy_info":[],"featured_image_src_large":false,"author_info":{"display_name":"jordi","author_link":"https:\/\/comercial.respiraenergia.com\/fr\/author\/jordi\/"},"comment_info":"","_links":{"self":[{"href":"https:\/\/comercial.respiraenergia.com\/fr\/wp-json\/wp\/v2\/pages\/1738","targetHints":{"allow":["GET"]}}],"collection":[{"href":"https:\/\/comercial.respiraenergia.com\/fr\/wp-json\/wp\/v2\/pages"}],"about":[{"href":"https:\/\/comercial.respiraenergia.com\/fr\/wp-json\/wp\/v2\/types\/page"}],"author":[{"embeddable":true,"href":"https:\/\/comercial.respiraenergia.com\/fr\/wp-json\/wp\/v2\/users\/1"}],"replies":[{"embeddable":true,"href":"https:\/\/comercial.respiraenergia.com\/fr\/wp-json\/wp\/v2\/comments?post=1738"}],"version-history":[{"count":2,"href":"https:\/\/comercial.respiraenergia.com\/fr\/wp-json\/wp\/v2\/pages\/1738\/revisions"}],"predecessor-version":[{"id":3741,"href":"https:\/\/comercial.respiraenergia.com\/fr\/wp-json\/wp\/v2\/pages\/1738\/revisions\/3741"}],"wp:attachment":[{"href":"https:\/\/comercial.respiraenergia.com\/fr\/wp-json\/wp\/v2\/media?parent=1738"}],"curies":[{"name":"wp","href":"https:\/\/api.w.org\/{rel}","templated":true}]}}