{"id":1654,"date":"2025-02-25T12:57:29","date_gmt":"2025-02-25T11:57:29","guid":{"rendered":"https:\/\/comercial.respiraenergia.com\/utilisation-des-cookies\/"},"modified":"2025-03-12T12:41:58","modified_gmt":"2025-03-12T11:41:58","slug":"utilisation-des-cookies","status":"publish","type":"page","link":"https:\/\/comercial.respiraenergia.com\/fr\/utilisation-des-cookies\/","title":{"rendered":"Utilisation des cookies"},"content":{"rendered":"<style>.kb-row-layout-id225_68fa18-5c > .kt-row-column-wrap{align-content:start;}:where(.kb-row-layout-id225_68fa18-5c > .kt-row-column-wrap) > .wp-block-kadence-column{justify-content:start;}.kb-row-layout-id225_68fa18-5c > .kt-row-column-wrap{column-gap:var(--global-kb-gap-md, 2rem);row-gap:var(--global-kb-gap-md, 2rem);padding-top:var(--global-kb-spacing-xxl, 5rem);padding-bottom:var(--global-kb-spacing-xxl, 5rem);grid-template-columns:minmax(0, 1fr);}.kb-row-layout-id225_68fa18-5c > .kt-row-layout-overlay{opacity:0.30;}@media all and (max-width: 1024px){.kb-row-layout-id225_68fa18-5c > .kt-row-column-wrap{grid-template-columns:minmax(0, 1fr);}}@media all and (max-width: 767px){.kb-row-layout-id225_68fa18-5c > .kt-row-column-wrap{grid-template-columns:minmax(0, 1fr);}}<\/style><div class=\"kb-row-layout-wrap kb-row-layout-id225_68fa18-5c alignnone wp-block-kadence-rowlayout\"><div class=\"kt-row-column-wrap kt-has-1-columns kt-row-layout-equal kt-tab-layout-inherit kt-mobile-layout-row kt-row-valign-top\">\n<style>.kadence-column225_14a83c-2a > .kt-inside-inner-col,.kadence-column225_14a83c-2a > .kt-inside-inner-col:before{border-top-left-radius:0px;border-top-right-radius:0px;border-bottom-right-radius:0px;border-bottom-left-radius:0px;}.kadence-column225_14a83c-2a > .kt-inside-inner-col{column-gap:var(--global-kb-gap-sm, 1rem);}.kadence-column225_14a83c-2a > .kt-inside-inner-col{flex-direction:column;}.kadence-column225_14a83c-2a > .kt-inside-inner-col > .aligncenter{width:100%;}.kadence-column225_14a83c-2a > .kt-inside-inner-col:before{opacity:0.3;}.kadence-column225_14a83c-2a{position:relative;}@media all and (max-width: 1024px){.kadence-column225_14a83c-2a > .kt-inside-inner-col{flex-direction:column;justify-content:center;}}@media all and (max-width: 767px){.kadence-column225_14a83c-2a > .kt-inside-inner-col{flex-direction:column;justify-content:center;}}<\/style>\n<div class=\"wp-block-kadence-column kadence-column225_14a83c-2a\"><div class=\"kt-inside-inner-col\"><style>.wp-block-kadence-advancedheading.kt-adv-heading225_d650b9-3c, .wp-block-kadence-advancedheading.kt-adv-heading225_d650b9-3c[data-kb-block=\"kb-adv-heading225_d650b9-3c\"]{font-size:var(--global-kb-font-size-xl, 3rem);font-style:normal;}.wp-block-kadence-advancedheading.kt-adv-heading225_d650b9-3c mark.kt-highlight, .wp-block-kadence-advancedheading.kt-adv-heading225_d650b9-3c[data-kb-block=\"kb-adv-heading225_d650b9-3c\"] mark.kt-highlight{font-style:normal;color:#f76a0c;-webkit-box-decoration-break:clone;box-decoration-break:clone;padding-top:0px;padding-right:0px;padding-bottom:0px;padding-left:0px;}.wp-block-kadence-advancedheading.kt-adv-heading225_d650b9-3c img.kb-inline-image, .wp-block-kadence-advancedheading.kt-adv-heading225_d650b9-3c[data-kb-block=\"kb-adv-heading225_d650b9-3c\"] img.kb-inline-image{width:150px;vertical-align:baseline;}<\/style>\n<h1 class=\"kt-adv-heading225_d650b9-3c wp-block-kadence-advancedheading\" data-kb-block=\"kb-adv-heading225_d650b9-3c\">Utilisation des cookies<\/h1>\n\n\n<style>.wp-block-kadence-advancedheading.kt-adv-heading225_271bcd-68, .wp-block-kadence-advancedheading.kt-adv-heading225_271bcd-68[data-kb-block=\"kb-adv-heading225_271bcd-68\"]{font-size:28px;font-weight:400;font-style:normal;}.wp-block-kadence-advancedheading.kt-adv-heading225_271bcd-68 mark.kt-highlight, .wp-block-kadence-advancedheading.kt-adv-heading225_271bcd-68[data-kb-block=\"kb-adv-heading225_271bcd-68\"] mark.kt-highlight{font-style:normal;color:#f76a0c;-webkit-box-decoration-break:clone;box-decoration-break:clone;padding-top:0px;padding-right:0px;padding-bottom:0px;padding-left:0px;}.wp-block-kadence-advancedheading.kt-adv-heading225_271bcd-68 img.kb-inline-image, .wp-block-kadence-advancedheading.kt-adv-heading225_271bcd-68[data-kb-block=\"kb-adv-heading225_271bcd-68\"] img.kb-inline-image{width:150px;vertical-align:baseline;}<\/style>\n<h2 class=\"kt-adv-heading225_271bcd-68 wp-block-kadence-advancedheading\" data-kb-block=\"kb-adv-heading225_271bcd-68\"><strong>Que sont les cookies ?<\/strong><\/h2>\n\n\n\n<p>Un cookie est un fichier ou un appareil qui est t\u00e9l\u00e9charg\u00e9 sur le terminal d\u2019un utilisateur afin de stocker des donn\u00e9es qui peuvent \u00eatre mises \u00e0 jour et r\u00e9cup\u00e9r\u00e9es par l\u2019entit\u00e9 responsable de son installation. En d\u2019autres termes, il s\u2019agit d\u2019un fichier qui est t\u00e9l\u00e9charg\u00e9 sur votre ordinateur lorsque vous acc\u00e9dez \u00e0 certaines pages Web. Les cookies permettent \u00e0 un site web, entre autres, de stocker et de r\u00e9cup\u00e9rer des informations sur les habitudes de navigation d\u2019un utilisateur ou de son ordinateur et, en fonction des informations qu\u2019ils contiennent et de la mani\u00e8re dont il utilise son ordinateur, ils peuvent \u00eatre utilis\u00e9s pour reconna\u00eetre l\u2019utilisateur.    <\/p>\n\n\n\n<p>Ses principales fonctions sont les suivantes :<\/p>\n\n\n\n<ul class=\"wp-block-list\">\n<li>Gardez une trace des utilisateurs : lorsqu\u2019un utilisateur saisit son nom d\u2019utilisateur et son mot de passe, un cookie est stock\u00e9 afin qu\u2019il n\u2019ait pas \u00e0 les saisir pour chaque page du serveur. Cependant, un cookie n\u2019identifie pas une seule personne, mais une combinaison d\u2019ordinateur, de navigateur et d\u2019utilisateur.   <\/li>\n\n\n\n<li>Pour obtenir des informations sur les habitudes de navigation de l\u2019utilisateur et les tentatives de logiciels espions (logiciels espions) par des agences de publicit\u00e9 et d\u2019autres personnes. Cela peut causer des probl\u00e8mes de confidentialit\u00e9 et c\u2019est l\u2019une des raisons pour lesquelles les cookies ont leurs d\u00e9tracteurs.   <\/li>\n<\/ul>\n\n\n\n<p>Il existe diff\u00e9rents types de cookies en fonction de la finalit\u00e9 pour laquelle ils sont utilis\u00e9s, comme suit :<\/p>\n\n\n\n<p>Cookies d\u2019analyse : ces cookies sont utilis\u00e9s pour effectuer une analyse du comportement et des actions des utilisateurs du site web ainsi que pour la cr\u00e9ation de profils de navigation afin d\u2019apporter des am\u00e9liorations techniques au fonctionnement et au service.<\/p>\n\n\n\n<p>Cookies publicitaires : ils permettent une gestion efficace des espaces publicitaires sur la base d\u2019une s\u00e9rie de crit\u00e8res, par exemple, v\u00e9rifier si l\u2019utilisateur a d\u00e9j\u00e0 eu acc\u00e8s ou non \u00e0 une actualit\u00e9 afin de la mettre \u00e0 jour avec une nouvelle.<\/p>\n\n\n\n<p>Cookies de publicit\u00e9 comportementale : ces cookies sont charg\u00e9s de stocker des informations sur le comportement des utilisateurs, en se concentrant sur leurs habitudes de navigation. Cela permet d\u2019\u00e9tablir des profils d\u2019utilisateurs en fonction de leur comportement et de les utiliser pour personnaliser la publicit\u00e9 pr\u00e9sent\u00e9e.   <\/p>\n\n\n\n<p>Si l\u2019utilisateur souhaite obtenir plus d\u2019informations sur les cookies, il peut consulter le site web suivant <a href=\"http:\/\/www.aboutcookies.org\/\">http:\/\/www.aboutcookies.org\/<\/a>.<\/p>\n\n\n<style>.wp-block-kadence-advancedheading.kt-adv-heading225_1c50a3-cc, .wp-block-kadence-advancedheading.kt-adv-heading225_1c50a3-cc[data-kb-block=\"kb-adv-heading225_1c50a3-cc\"]{font-size:28px;font-weight:400;font-style:normal;}.wp-block-kadence-advancedheading.kt-adv-heading225_1c50a3-cc mark.kt-highlight, .wp-block-kadence-advancedheading.kt-adv-heading225_1c50a3-cc[data-kb-block=\"kb-adv-heading225_1c50a3-cc\"] mark.kt-highlight{font-style:normal;color:#f76a0c;-webkit-box-decoration-break:clone;box-decoration-break:clone;padding-top:0px;padding-right:0px;padding-bottom:0px;padding-left:0px;}.wp-block-kadence-advancedheading.kt-adv-heading225_1c50a3-cc img.kb-inline-image, .wp-block-kadence-advancedheading.kt-adv-heading225_1c50a3-cc[data-kb-block=\"kb-adv-heading225_1c50a3-cc\"] img.kb-inline-image{width:150px;vertical-align:baseline;}<\/style>\n<h2 class=\"kt-adv-heading225_1c50a3-cc wp-block-kadence-advancedheading\" data-kb-block=\"kb-adv-heading225_1c50a3-cc\"><strong>Quel type de cookies ce site utilise-t-il ?<\/strong><\/h2>\n\n\n\n<p>Ce site web utilise des cookies qui facilitent l\u2019utilisation et la navigation de l\u2019utilisateur, garantissent l\u2019acc\u00e8s \u00e0 certains services, ainsi que l\u2019am\u00e9lioration de la configuration fonctionnelle du site web.<\/p>\n\n\n\n<p>Plus pr\u00e9cis\u00e9ment, ce site web utilise les cookies suivants :<\/p>\n\n\n\n<figure class=\"wp-block-table\"><table class=\"has-fixed-layout\"><tbody><tr><td>JCS_INENREF<\/td><td>Utilis\u00e9 pour les fonctions anti-spam<\/td><td>Apr\u00e8s un court laps de temps ou lors de la fermeture du navigateur.<\/td><\/tr><tr><td>JCS_INENTIM<\/td><td>Utilis\u00e9 pour les fonctions anti-spam<\/td><td>Apr\u00e8s un court laps de temps ou lors de la fermeture du navigateur.<\/td><\/tr><tr><td>PHPSESSIDE<\/td><td>Ce cookie est utilis\u00e9 pour \u00e9tablir une session utilisateur et fait r\u00e9f\u00e9rence \u00e0 un identifiant de session unique d\u00e9fini par le code de notre site Web (PHP). Dispara\u00eet lorsque vous terminez votre session (lorsque vous fermez votre navigateur)   <\/td><td>Apr\u00e8s un court laps de temps ou lors de la fermeture du navigateur.<\/td><\/tr><tr><td>wp-settings-7<\/td><td>Param\u00e8tres WordPress<\/td><td>  1 jour<\/td><\/tr><tr><td>wp-settings-7-time<\/td><td>Param\u00e8tres WordPress<\/td><td>  1 jour<\/td><\/tr><tr><td>wordpress_test_cookie<\/td><td>WordPress d\u00e9finit ce cookie lorsque vous naviguez sur la page de connexion. Le cookie est utilis\u00e9 pour v\u00e9rifier si votre navigateur Web est configur\u00e9 pour autoriser ou refuser les cookies.   <\/td><td>Apr\u00e8s un court laps de temps ou lors de la fermeture du navigateur.<\/td><\/tr><tr><td>_icl_current_language<\/td><td>Contr\u00f4le de la langue s\u00e9lectionn\u00e9e pour les sessions futures<\/td><td>1 jour<\/td><\/tr><tr><td>_Ga<\/td><td>Il est utilis\u00e9 pour distinguer les utilisateurs.<\/td><td>2 ans<\/td><\/tr><tr><td>_Gid<\/td><td>Il est utilis\u00e9 pour distinguer les utilisateurs.<\/td><td>24 heures sur 24<\/td><\/tr><tr><td>_gat le _dc_gtm<\/td><td>Il est utilis\u00e9 pour limiter le pourcentage de demandes.<\/td><td>1 minute<\/td><\/tr><tr><td>moove_gdpr_popup<\/td><td>Il est utilis\u00e9 pour enregistrer vos pr\u00e9f\u00e9rences en mati\u00e8re de cookies.<\/td><td>1 an<\/td><\/tr><\/tbody><\/table><\/figure>\n\n\n<style>.wp-block-kadence-advancedheading.kt-adv-heading225_204830-f7, .wp-block-kadence-advancedheading.kt-adv-heading225_204830-f7[data-kb-block=\"kb-adv-heading225_204830-f7\"]{font-size:28px;font-weight:400;font-style:normal;}.wp-block-kadence-advancedheading.kt-adv-heading225_204830-f7 mark.kt-highlight, .wp-block-kadence-advancedheading.kt-adv-heading225_204830-f7[data-kb-block=\"kb-adv-heading225_204830-f7\"] mark.kt-highlight{font-style:normal;color:#f76a0c;-webkit-box-decoration-break:clone;box-decoration-break:clone;padding-top:0px;padding-right:0px;padding-bottom:0px;padding-left:0px;}.wp-block-kadence-advancedheading.kt-adv-heading225_204830-f7 img.kb-inline-image, .wp-block-kadence-advancedheading.kt-adv-heading225_204830-f7[data-kb-block=\"kb-adv-heading225_204830-f7\"] img.kb-inline-image{width:150px;vertical-align:baseline;}<\/style>\n<h2 class=\"kt-adv-heading225_204830-f7 wp-block-kadence-advancedheading\" data-kb-block=\"kb-adv-heading225_204830-f7\"><strong>Comment g\u00e9rer les param\u00e8tres des cookies ?<\/strong><\/h2>\n\n\n\n<p>Cette section fournit une br\u00e8ve explication de la mani\u00e8re de consulter et de configurer le syst\u00e8me de cookies en relation avec les navigateurs les plus courants ou les plus utilis\u00e9s par les utilisateurs<\/p>\n\n\n\n<p>En ce sens, pratiquement tous les navigateurs permettent \u00e0 l\u2019utilisateur d\u2019obtenir des informations g\u00e9n\u00e9rales sur les cookies install\u00e9s sur un site web, notamment pour v\u00e9rifier leur existence, leur dur\u00e9e ou le syst\u00e8me de suppression. En ce sens, \u00e0 titre d\u2019information, une s\u00e9rie de liens connexes sont fournis :  <\/p>\n\n\n\n<ul class=\"wp-block-list\">\n<li><a href=\"https:\/\/support.google.com\/chrome\/answer\/95647?hl=es\">Google Chrome<\/a><\/li>\n\n\n\n<li><a href=\"https:\/\/support.mozilla.org\/es\/kb\/cookies-informacion-que-los-sitios-web-guardan-en-\">Mozilla Firefox<\/a><\/li>\n\n\n\n<li><a href=\"http:\/\/windows.microsoft.com\/es-es\/windows7\/how-to-manage-cookies-in-internet-explorer-9\">Internet Explorer<\/a><\/li>\n<\/ul>\n\n\n\n<p>D\u2019autre part, l\u2019utilisateur peut autoriser, bloquer ou supprimer les cookies install\u00e9s sur son ordinateur en modifiant la configuration de son navigateur conform\u00e9ment aux instructions qui y sont indiqu\u00e9es. \u00c0 titre informatif, il est indiqu\u00e9 que la configuration des cookies est g\u00e9n\u00e9ralement effectu\u00e9e dans le menu \u00ab\u00a0Pr\u00e9f\u00e9rences\u00a0\u00bb ou \u00ab\u00a0Outils\u00a0\u00bb de chaque navigateur, dans tous les cas, vous pouvez toujours aller \u00e0 l\u2019aide de votre navigateur pour r\u00e9soudre ou r\u00e9soudre les doutes qui pourraient survenir \u00e0 cet \u00e9gard.  <\/p>\n\n\n\n<p>Il convient de noter que, si l\u2019installation de tous les cookies est emp\u00each\u00e9e, le contenu du site web ainsi que certaines fonctionnalit\u00e9s et services fournis par celui-ci peuvent \u00eatre affect\u00e9s.<\/p>\n<\/div><\/div>\n\n<\/div><\/div>","protected":false},"excerpt":{"rendered":"<p>Utilisation des cookies Que sont les cookies ? Un cookie est un fichier ou un appareil qui est t\u00e9l\u00e9charg\u00e9 sur le terminal d\u2019un utilisateur afin de stocker des donn\u00e9es qui peuvent \u00eatre mises \u00e0 jour et r\u00e9cup\u00e9r\u00e9es par l\u2019entit\u00e9 responsable de son installation. En d\u2019autres termes, il s\u2019agit d\u2019un fichier qui est t\u00e9l\u00e9charg\u00e9 sur votre&#8230;<\/p>\n","protected":false},"author":1,"featured_media":0,"parent":0,"menu_order":0,"comment_status":"closed","ping_status":"closed","template":"","meta":{"_acf_changed":false,"inline_featured_image":false,"_kad_blocks_custom_css":"","_kad_blocks_head_custom_js":"","_kad_blocks_body_custom_js":"","_kad_blocks_footer_custom_js":"","_kad_post_transparent":"","_kad_post_title":"","_kad_post_layout":"","_kad_post_sidebar_id":"","_kad_post_content_style":"","_kad_post_vertical_padding":"","_kad_post_feature":"","_kad_post_feature_position":"","_kad_post_header":false,"_kad_post_footer":false,"_kad_post_classname":"","footnotes":""},"class_list":["post-1654","page","type-page","status-publish","hentry"],"acf":[],"yoast_head":"<!-- This site is optimized with the Yoast SEO plugin v26.8 - https:\/\/yoast.com\/product\/yoast-seo-wordpress\/ -->\n<title>Utilisation des cookies - Respira, electricitat sense CO2<\/title>\n<meta name=\"robots\" content=\"index, follow, max-snippet:-1, max-image-preview:large, max-video-preview:-1\" \/>\n<link rel=\"canonical\" href=\"https:\/\/comercial.respiraenergia.com\/fr\/utilisation-des-cookies\/\" \/>\n<meta property=\"og:locale\" content=\"fr_FR\" \/>\n<meta property=\"og:type\" content=\"article\" \/>\n<meta property=\"og:title\" content=\"Utilisation des cookies - Respira, electricitat sense CO2\" \/>\n<meta property=\"og:description\" content=\"Utilisation des cookies Que sont les cookies ? Un cookie est un fichier ou un appareil qui est t\u00e9l\u00e9charg\u00e9 sur le terminal d\u2019un utilisateur afin de stocker des donn\u00e9es qui peuvent \u00eatre mises \u00e0 jour et r\u00e9cup\u00e9r\u00e9es par l\u2019entit\u00e9 responsable de son installation. En d\u2019autres termes, il s\u2019agit d\u2019un fichier qui est t\u00e9l\u00e9charg\u00e9 sur votre...\" \/>\n<meta property=\"og:url\" content=\"https:\/\/comercial.respiraenergia.com\/fr\/utilisation-des-cookies\/\" \/>\n<meta property=\"og:site_name\" content=\"Respira, electricitat sense CO2\" \/>\n<meta property=\"article:modified_time\" content=\"2025-03-12T11:41:58+00:00\" \/>\n<meta name=\"twitter:card\" content=\"summary_large_image\" \/>\n<meta name=\"twitter:label1\" content=\"Dur\u00e9e de lecture estim\u00e9e\" \/>\n\t<meta name=\"twitter:data1\" content=\"5 minutes\" \/>\n<script type=\"application\/ld+json\" class=\"yoast-schema-graph\">{\"@context\":\"https:\/\/schema.org\",\"@graph\":[{\"@type\":\"WebPage\",\"@id\":\"https:\/\/comercial.respiraenergia.com\/fr\/utilisation-des-cookies\/\",\"url\":\"https:\/\/comercial.respiraenergia.com\/fr\/utilisation-des-cookies\/\",\"name\":\"Utilisation des cookies - Respira, electricitat sense CO2\",\"isPartOf\":{\"@id\":\"https:\/\/comercial.respiraenergia.com\/fr\/#website\"},\"datePublished\":\"2025-02-25T11:57:29+00:00\",\"dateModified\":\"2025-03-12T11:41:58+00:00\",\"breadcrumb\":{\"@id\":\"https:\/\/comercial.respiraenergia.com\/fr\/utilisation-des-cookies\/#breadcrumb\"},\"inLanguage\":\"fr-FR\",\"potentialAction\":[{\"@type\":\"ReadAction\",\"target\":[\"https:\/\/comercial.respiraenergia.com\/fr\/utilisation-des-cookies\/\"]}]},{\"@type\":\"BreadcrumbList\",\"@id\":\"https:\/\/comercial.respiraenergia.com\/fr\/utilisation-des-cookies\/#breadcrumb\",\"itemListElement\":[{\"@type\":\"ListItem\",\"position\":1,\"name\":\"Home\",\"item\":\"https:\/\/comercial.respiraenergia.com\/fr\/\"},{\"@type\":\"ListItem\",\"position\":2,\"name\":\"Utilisation des cookies\"}]},{\"@type\":\"WebSite\",\"@id\":\"https:\/\/comercial.respiraenergia.com\/fr\/#website\",\"url\":\"https:\/\/comercial.respiraenergia.com\/fr\/\",\"name\":\"Respira, electricitat sense CO2\",\"description\":\"El futur de les renovables m\u00e9s a prop teu\",\"publisher\":{\"@id\":\"https:\/\/comercial.respiraenergia.com\/fr\/#organization\"},\"potentialAction\":[{\"@type\":\"SearchAction\",\"target\":{\"@type\":\"EntryPoint\",\"urlTemplate\":\"https:\/\/comercial.respiraenergia.com\/fr\/?s={search_term_string}\"},\"query-input\":{\"@type\":\"PropertyValueSpecification\",\"valueRequired\":true,\"valueName\":\"search_term_string\"}}],\"inLanguage\":\"fr-FR\"},{\"@type\":\"Organization\",\"@id\":\"https:\/\/comercial.respiraenergia.com\/fr\/#organization\",\"name\":\"Respira, electricitat sense CO2\",\"url\":\"https:\/\/comercial.respiraenergia.com\/fr\/\",\"logo\":{\"@type\":\"ImageObject\",\"inLanguage\":\"fr-FR\",\"@id\":\"https:\/\/comercial.respiraenergia.com\/fr\/#\/schema\/logo\/image\/\",\"url\":\"https:\/\/comercial.respiraenergia.com\/wp-content\/uploads\/2025\/03\/logo_respira_v2.svg\",\"contentUrl\":\"https:\/\/comercial.respiraenergia.com\/wp-content\/uploads\/2025\/03\/logo_respira_v2.svg\",\"caption\":\"Respira, electricitat sense CO2\"},\"image\":{\"@id\":\"https:\/\/comercial.respiraenergia.com\/fr\/#\/schema\/logo\/image\/\"}}]}<\/script>\n<!-- \/ Yoast SEO plugin. -->","yoast_head_json":{"title":"Utilisation des cookies - Respira, electricitat sense CO2","robots":{"index":"index","follow":"follow","max-snippet":"max-snippet:-1","max-image-preview":"max-image-preview:large","max-video-preview":"max-video-preview:-1"},"canonical":"https:\/\/comercial.respiraenergia.com\/fr\/utilisation-des-cookies\/","og_locale":"fr_FR","og_type":"article","og_title":"Utilisation des cookies - Respira, electricitat sense CO2","og_description":"Utilisation des cookies Que sont les cookies ? Un cookie est un fichier ou un appareil qui est t\u00e9l\u00e9charg\u00e9 sur le terminal d\u2019un utilisateur afin de stocker des donn\u00e9es qui peuvent \u00eatre mises \u00e0 jour et r\u00e9cup\u00e9r\u00e9es par l\u2019entit\u00e9 responsable de son installation. En d\u2019autres termes, il s\u2019agit d\u2019un fichier qui est t\u00e9l\u00e9charg\u00e9 sur votre...","og_url":"https:\/\/comercial.respiraenergia.com\/fr\/utilisation-des-cookies\/","og_site_name":"Respira, electricitat sense CO2","article_modified_time":"2025-03-12T11:41:58+00:00","twitter_card":"summary_large_image","twitter_misc":{"Dur\u00e9e de lecture estim\u00e9e":"5 minutes"},"schema":{"@context":"https:\/\/schema.org","@graph":[{"@type":"WebPage","@id":"https:\/\/comercial.respiraenergia.com\/fr\/utilisation-des-cookies\/","url":"https:\/\/comercial.respiraenergia.com\/fr\/utilisation-des-cookies\/","name":"Utilisation des cookies - Respira, electricitat sense CO2","isPartOf":{"@id":"https:\/\/comercial.respiraenergia.com\/fr\/#website"},"datePublished":"2025-02-25T11:57:29+00:00","dateModified":"2025-03-12T11:41:58+00:00","breadcrumb":{"@id":"https:\/\/comercial.respiraenergia.com\/fr\/utilisation-des-cookies\/#breadcrumb"},"inLanguage":"fr-FR","potentialAction":[{"@type":"ReadAction","target":["https:\/\/comercial.respiraenergia.com\/fr\/utilisation-des-cookies\/"]}]},{"@type":"BreadcrumbList","@id":"https:\/\/comercial.respiraenergia.com\/fr\/utilisation-des-cookies\/#breadcrumb","itemListElement":[{"@type":"ListItem","position":1,"name":"Home","item":"https:\/\/comercial.respiraenergia.com\/fr\/"},{"@type":"ListItem","position":2,"name":"Utilisation des cookies"}]},{"@type":"WebSite","@id":"https:\/\/comercial.respiraenergia.com\/fr\/#website","url":"https:\/\/comercial.respiraenergia.com\/fr\/","name":"Respira, electricitat sense CO2","description":"El futur de les renovables m\u00e9s a prop teu","publisher":{"@id":"https:\/\/comercial.respiraenergia.com\/fr\/#organization"},"potentialAction":[{"@type":"SearchAction","target":{"@type":"EntryPoint","urlTemplate":"https:\/\/comercial.respiraenergia.com\/fr\/?s={search_term_string}"},"query-input":{"@type":"PropertyValueSpecification","valueRequired":true,"valueName":"search_term_string"}}],"inLanguage":"fr-FR"},{"@type":"Organization","@id":"https:\/\/comercial.respiraenergia.com\/fr\/#organization","name":"Respira, electricitat sense CO2","url":"https:\/\/comercial.respiraenergia.com\/fr\/","logo":{"@type":"ImageObject","inLanguage":"fr-FR","@id":"https:\/\/comercial.respiraenergia.com\/fr\/#\/schema\/logo\/image\/","url":"https:\/\/comercial.respiraenergia.com\/wp-content\/uploads\/2025\/03\/logo_respira_v2.svg","contentUrl":"https:\/\/comercial.respiraenergia.com\/wp-content\/uploads\/2025\/03\/logo_respira_v2.svg","caption":"Respira, electricitat sense CO2"},"image":{"@id":"https:\/\/comercial.respiraenergia.com\/fr\/#\/schema\/logo\/image\/"}}]}},"taxonomy_info":[],"featured_image_src_large":false,"author_info":{"display_name":"jordi","author_link":"https:\/\/comercial.respiraenergia.com\/fr\/author\/jordi\/"},"comment_info":"","_links":{"self":[{"href":"https:\/\/comercial.respiraenergia.com\/fr\/wp-json\/wp\/v2\/pages\/1654","targetHints":{"allow":["GET"]}}],"collection":[{"href":"https:\/\/comercial.respiraenergia.com\/fr\/wp-json\/wp\/v2\/pages"}],"about":[{"href":"https:\/\/comercial.respiraenergia.com\/fr\/wp-json\/wp\/v2\/types\/page"}],"author":[{"embeddable":true,"href":"https:\/\/comercial.respiraenergia.com\/fr\/wp-json\/wp\/v2\/users\/1"}],"replies":[{"embeddable":true,"href":"https:\/\/comercial.respiraenergia.com\/fr\/wp-json\/wp\/v2\/comments?post=1654"}],"version-history":[{"count":1,"href":"https:\/\/comercial.respiraenergia.com\/fr\/wp-json\/wp\/v2\/pages\/1654\/revisions"}],"predecessor-version":[{"id":1655,"href":"https:\/\/comercial.respiraenergia.com\/fr\/wp-json\/wp\/v2\/pages\/1654\/revisions\/1655"}],"wp:attachment":[{"href":"https:\/\/comercial.respiraenergia.com\/fr\/wp-json\/wp\/v2\/media?parent=1654"}],"curies":[{"name":"wp","href":"https:\/\/api.w.org\/{rel}","templated":true}]}}